{"id":387,"date":"2011-01-28T14:10:55","date_gmt":"2011-01-28T14:10:55","guid":{"rendered":"http:\/\/www.alisonpowell.ca\/?page_id=387"},"modified":"2015-02-17T10:11:30","modified_gmt":"2015-02-17T10:11:30","slug":"cv","status":"publish","type":"page","link":"https:\/\/www.alisonpowell.ca\/?page_id=387","title":{"rendered":"CV"},"content":{"rendered":"<p><strong>Current Positions<\/strong><\/p>\n<p>Assistant Professor in Media and Communications\u00a0 London School of Economics and Political Science, London UK<br \/>\n(Jan 2013-present)<\/p>\n<p>Research Associate\u00a0 Oxford Internet Institute, University of Oxford, Oxford UK<br \/>\n(October 2010-present)<br \/>\n<strong><br \/>\nPast Positions<\/strong><\/p>\n<p>LSE Fellow in Media and Communications, London School of Economics and Political Science, London UK (Sept 2010-Dec 2012)<\/p>\n<p>SSHRC Postdoctoral Fellow Oxford Internet Institute, University of Oxford, Oxford UK<br \/>\n(Oct 2008-Sept 2010)<\/p>\n<p>Research Fellow \u00c9cole Nationale Sup\u00e9rieure des T\u00e9l\u00e9communications, Paris, France<br \/>\n(May-October 2006)<\/p>\n<p><strong>Education<\/strong><br \/>\nPhD, Communication Studies, 2008<br \/>\nDepartment of Communication, Concordia University, Montreal, Canada<\/p>\n<p>MA, Communication and Culture, 2004<br \/>\nRyerson University and York University, Toronto, Canada<\/p>\n<p>Bachelor of Arts &amp; Science and English, 2000<br \/>\nMcMaster University, Hamilton, Canada<\/p>\n<p><a href=\"http:\/\/www.alisonpowell.ca\/?page_id=71\"><strong>Recent Publications Available Here<\/strong><\/a><\/p>\n<p><strong>Research Grants<\/strong><br \/>\nPowell, A [PI] and Brown, I. Social Issues in Ubiquitous Computing:\u00a0 The Grand Challenge Video Project Ubiquitous Computing Grand Challenge (2009-2010)<\/p>\n<p>Nash, Vicki [PI], Brown, I., Powell, A and Hills, M. Policy Forum on Freedom of Speech and Child Protection, Oak Foundation (2008-2011)<\/p>\n<p>Crow, G [PI]., Dutton, W.H., Wiles, R.A.,Coffey, A., Powell, A. &#8216;Missing&#8217; Data in Qualitative Research National Centre for Research Methods (2008-2009)<\/p>\n<p>Powell, A [PI]. Missing Data in Online Research National Centre for E-Social Science (2009)<\/p>\n<p>Powell, A [PI] and Media and Democracy Foundation. Public Interest Communications Infrastructure Taxonomy. Social Sciences Research Council (2007-2008)<\/p>\n<p><strong>Special Issues of Journals <\/strong><br \/>\nPowell, Alison and Sascha Meinrath. (2008) Journal of Community Informatics: Special Issue on Wireless Networking as Social Justice Vol. 4 no 1.<\/p>\n<p>&nbsp;<\/p>\n","protected":false},"excerpt":{"rendered":"<p>Current Positions Assistant Professor in Media and Communications\u00a0 London School of Economics and Political Science, London UK (Jan 2013-present) Research Associate\u00a0 Oxford Internet Institute, University of Oxford, Oxford UK (October 2010-present) Past Positions LSE Fellow in Media and Communications, London School of Economics and Political Science, London UK (Sept 2010-Dec 2012) SSHRC Postdoctoral Fellow Oxford [&hellip;]<\/p>\n","protected":false},"author":3,"featured_media":0,"parent":0,"menu_order":0,"comment_status":"open","ping_status":"open","template":"","meta":{"jetpack_post_was_ever_published":false,"footnotes":""},"class_list":["post-387","page","type-page","status-publish","hentry"],"jetpack_sharing_enabled":true,"jetpack_shortlink":"https:\/\/wp.me\/PUfdR-6f","_links":{"self":[{"href":"https:\/\/www.alisonpowell.ca\/index.php?rest_route=\/wp\/v2\/pages\/387","targetHints":{"allow":["GET"]}}],"collection":[{"href":"https:\/\/www.alisonpowell.ca\/index.php?rest_route=\/wp\/v2\/pages"}],"about":[{"href":"https:\/\/www.alisonpowell.ca\/index.php?rest_route=\/wp\/v2\/types\/page"}],"author":[{"embeddable":true,"href":"https:\/\/www.alisonpowell.ca\/index.php?rest_route=\/wp\/v2\/users\/3"}],"replies":[{"embeddable":true,"href":"https:\/\/www.alisonpowell.ca\/index.php?rest_route=%2Fwp%2Fv2%2Fcomments&post=387"}],"version-history":[{"count":5,"href":"https:\/\/www.alisonpowell.ca\/index.php?rest_route=\/wp\/v2\/pages\/387\/revisions"}],"predecessor-version":[{"id":724,"href":"https:\/\/www.alisonpowell.ca\/index.php?rest_route=\/wp\/v2\/pages\/387\/revisions\/724"}],"wp:attachment":[{"href":"https:\/\/www.alisonpowell.ca\/index.php?rest_route=%2Fwp%2Fv2%2Fmedia&parent=387"}],"curies":[{"name":"wp","href":"https:\/\/api.w.org\/{rel}","templated":true}]}}